{"id":21,"date":"2017-09-08T13:35:55","date_gmt":"2017-09-08T13:35:55","guid":{"rendered":"http:\/\/spitzw.vs120063.hl-users.com\/wordpress\/?page_id=21"},"modified":"2017-09-08T14:17:21","modified_gmt":"2017-09-08T14:17:21","slug":"gaestehaus","status":"publish","type":"page","link":"https:\/\/spitzwegstrasse.de\/wordpress\/?page_id=21","title":{"rendered":"G\u00e4stehaus"},"content":{"rendered":"<p>Gem\u00fctliche Aufenthaltsr\u00e4ume und ein sch\u00f6ner Speiseraum stehen unseren G\u00e4sten zur Verf\u00fcgung.<\/p>\n<p>Die K\u00fcche bietet Ihnen schmackhafte Speisen und richtet sich auch auf Di\u00e4tw\u00fcnsche ein.<br \/>\n<img loading=\"lazy\" decoding=\"async\" class=\"size-full wp-image-30 alignleft\" src=\"https:\/\/spitzwegstrasse.de\/wordpress\/wp-content\/uploads\/2017\/09\/AUF_CAFE.jpg\" alt=\"\" width=\"250\" height=\"154\" srcset=\"https:\/\/spitzwegstrasse.de\/wordpress\/wp-content\/uploads\/2017\/09\/AUF_CAFE.jpg 250w, https:\/\/spitzwegstrasse.de\/wordpress\/wp-content\/uploads\/2017\/09\/AUF_CAFE-192x118.jpg 192w\" sizes=\"auto, (max-width: 250px) 100vw, 250px\" \/><\/p>\n<p>&nbsp;<\/p>\n","protected":false},"excerpt":{"rendered":"<p>Gem\u00fctliche Aufenthaltsr\u00e4ume und ein sch\u00f6ner Speiseraum stehen unseren G\u00e4sten zur Verf\u00fcgung. Die K\u00fcche bietet Ihnen schmackhafte Speisen und richtet sich auch auf Di\u00e4tw\u00fcnsche ein. &nbsp;<\/p>\n","protected":false},"author":1,"featured_media":0,"parent":0,"menu_order":0,"comment_status":"closed","ping_status":"closed","template":"","meta":{"footnotes":""},"class_list":["post-21","page","type-page","status-publish","hentry"],"_links":{"self":[{"href":"https:\/\/spitzwegstrasse.de\/wordpress\/index.php?rest_route=\/wp\/v2\/pages\/21","targetHints":{"allow":["GET"]}}],"collection":[{"href":"https:\/\/spitzwegstrasse.de\/wordpress\/index.php?rest_route=\/wp\/v2\/pages"}],"about":[{"href":"https:\/\/spitzwegstrasse.de\/wordpress\/index.php?rest_route=\/wp\/v2\/types\/page"}],"author":[{"embeddable":true,"href":"https:\/\/spitzwegstrasse.de\/wordpress\/index.php?rest_route=\/wp\/v2\/users\/1"}],"replies":[{"embeddable":true,"href":"https:\/\/spitzwegstrasse.de\/wordpress\/index.php?rest_route=%2Fwp%2Fv2%2Fcomments&post=21"}],"version-history":[{"count":3,"href":"https:\/\/spitzwegstrasse.de\/wordpress\/index.php?rest_route=\/wp\/v2\/pages\/21\/revisions"}],"predecessor-version":[{"id":64,"href":"https:\/\/spitzwegstrasse.de\/wordpress\/index.php?rest_route=\/wp\/v2\/pages\/21\/revisions\/64"}],"wp:attachment":[{"href":"https:\/\/spitzwegstrasse.de\/wordpress\/index.php?rest_route=%2Fwp%2Fv2%2Fmedia&parent=21"}],"curies":[{"name":"wp","href":"https:\/\/api.w.org\/{rel}","templated":true}]}}