{"id":23,"date":"2017-09-08T13:35:33","date_gmt":"2017-09-08T13:35:33","guid":{"rendered":"http:\/\/spitzw.vs120063.hl-users.com\/wordpress\/?page_id=23"},"modified":"2017-09-08T15:10:25","modified_gmt":"2017-09-08T15:10:25","slug":"cafe","status":"publish","type":"page","link":"https:\/\/spitzwegstrasse.de\/wordpress\/?page_id=23","title":{"rendered":"Caf\u00e9"},"content":{"rendered":"<p>Nach einem Spaziergang k\u00f6nne Sie bei einer Tasse Kaffee und selbstgebackenem Kuchen die gem\u00fctliche Atmosph\u00e4re in unserem genie\u00dfen.<\/p>\n<p>Unsere R\u00e4ume stehen f\u00fcr Gesellschaften und Tagungen bis zu 70 Personen zur Verf\u00fcgung.<\/p>\n<p><img loading=\"lazy\" decoding=\"async\" class=\"alignnone size-medium wp-image-36\" src=\"https:\/\/spitzwegstrasse.de\/wordpress\/wp-content\/uploads\/2017\/09\/travel-1677347__340-300x200.jpg\" alt=\"\" width=\"300\" height=\"200\" srcset=\"https:\/\/spitzwegstrasse.de\/wordpress\/wp-content\/uploads\/2017\/09\/travel-1677347__340-300x200.jpg 300w, https:\/\/spitzwegstrasse.de\/wordpress\/wp-content\/uploads\/2017\/09\/travel-1677347__340-192x128.jpg 192w, https:\/\/spitzwegstrasse.de\/wordpress\/wp-content\/uploads\/2017\/09\/travel-1677347__340.jpg 509w\" sizes=\"auto, (max-width: 300px) 100vw, 300px\" \/><\/p>\n","protected":false},"excerpt":{"rendered":"<p>Nach einem Spaziergang k\u00f6nne Sie bei einer Tasse Kaffee und selbstgebackenem Kuchen die gem\u00fctliche Atmosph\u00e4re in unserem genie\u00dfen. Unsere R\u00e4ume stehen f\u00fcr Gesellschaften und Tagungen bis zu 70 Personen zur Verf\u00fcgung.<\/p>\n","protected":false},"author":1,"featured_media":0,"parent":0,"menu_order":0,"comment_status":"closed","ping_status":"closed","template":"","meta":{"footnotes":""},"class_list":["post-23","page","type-page","status-publish","hentry"],"_links":{"self":[{"href":"https:\/\/spitzwegstrasse.de\/wordpress\/index.php?rest_route=\/wp\/v2\/pages\/23","targetHints":{"allow":["GET"]}}],"collection":[{"href":"https:\/\/spitzwegstrasse.de\/wordpress\/index.php?rest_route=\/wp\/v2\/pages"}],"about":[{"href":"https:\/\/spitzwegstrasse.de\/wordpress\/index.php?rest_route=\/wp\/v2\/types\/page"}],"author":[{"embeddable":true,"href":"https:\/\/spitzwegstrasse.de\/wordpress\/index.php?rest_route=\/wp\/v2\/users\/1"}],"replies":[{"embeddable":true,"href":"https:\/\/spitzwegstrasse.de\/wordpress\/index.php?rest_route=%2Fwp%2Fv2%2Fcomments&post=23"}],"version-history":[{"count":3,"href":"https:\/\/spitzwegstrasse.de\/wordpress\/index.php?rest_route=\/wp\/v2\/pages\/23\/revisions"}],"predecessor-version":[{"id":67,"href":"https:\/\/spitzwegstrasse.de\/wordpress\/index.php?rest_route=\/wp\/v2\/pages\/23\/revisions\/67"}],"wp:attachment":[{"href":"https:\/\/spitzwegstrasse.de\/wordpress\/index.php?rest_route=%2Fwp%2Fv2%2Fmedia&parent=23"}],"curies":[{"name":"wp","href":"https:\/\/api.w.org\/{rel}","templated":true}]}}