{"id":45,"date":"2017-09-08T13:49:14","date_gmt":"2017-09-08T13:49:14","guid":{"rendered":"http:\/\/spitzw.vs120063.hl-users.com\/wordpress\/?page_id=45"},"modified":"2017-09-08T13:52:59","modified_gmt":"2017-09-08T13:52:59","slug":"pauschalen","status":"publish","type":"page","link":"https:\/\/spitzwegstrasse.de\/wordpress\/?page_id=45","title":{"rendered":"Pauschalen"},"content":{"rendered":"<p>Pauschalangebote 2012\/2013<\/p>\n<p>Auszeit<br \/>\n&#8230;ich bin dann mal weg&#8230;<\/p>\n<p>7 \u00dcbernachtungen im DZ mit reichhaltigem Fr\u00fchst\u00fccksb\u00fcffet<br \/>\n6 Abendessen vom kalten B\u00fcffet inklusive Tischgetr\u00e4nk<br \/>\n1 Gutschein f\u00fcr ein Abendessen in einem Restaurant in Bad Rothenfelde<br \/>\n1 Willkommensgru\u00df<br \/>\n1 Gutschein f\u00fcr eine Kaffeepause in unserem Allee-Caf\u00e9<br \/>\n2 x 45 Minuten Relaxen in der Salzgrotte<br \/>\n1 Eintritt f\u00fcr den Inhalationsgang im neuen Gradierwerk<br \/>\n1 Eintritt zur Salzsiedevorf\u00fchrung im Heimatmuseum<br \/>\n1 halbt\u00e4giger Busausflug, z.B. in die Friedensstadt Osnabr\u00fcck<\/p>\n<p>zus\u00e4tzlich buchbar:<br \/>\nKlangmassage nach Peter Hess, Einzelbehandlung<br \/>\n individueller Transfer  ab und  bis Haust\u00fcr zum g\u00fcnstigen Preis<br \/>\nPreis pro Person im DZ: 380,00\u20ac<br \/>\nEinzelzimmeraufpreis: 35,00\u20ac<\/p>\n<p>Bad Rothenfelde kennenlernen?<br \/>\n&#8230;schwarze Dornen? &#8230;wei\u00dfes Gold?<br \/>\n4x \u00dcbernachtungen im DZ mit reichhaltigem Fr\u00fchst\u00fccksb\u00fcffet<br \/>\n1x Flasche Wein<br \/>\n2x Eintrittsgutschein f\u00fcr die Salzgrotte<br \/>\n1x Eintritt zur Salzsiedevorf\u00fchrung im Heimatmuseum<br \/>\n1x Eintritt in den Inhalationsgang im Neuen Gradierwerk<br \/>\n1x Gutschein f\u00fcr eine Kaffeepause in unserem Allee-Caf\u00e9<br \/>\nPro Person ab 170,00 \u20ac<br \/>\nEinzelzimmerzaufpreis 20,00 \u20ac<\/p>\n<p>Schnuppertage<br \/>\nAufatmen vom Alltag<br \/>\n2 \u00dcbernachtungen im DZ mit reichhaltigem Fr\u00fchst\u00fccksb\u00fcffet<br \/>\n1 Willkommensgru\u00df<br \/>\n1 Eintrittsgutschein f\u00fcr die Salzgrotte<br \/>\n1 Kaffee und Kuchen vom Blech<br \/>\nPreis pro Person im DZ: 93,00\u20ac<br \/>\nEinzelzimmeraufpreis: 10,00\u20ac<\/p>\n","protected":false},"excerpt":{"rendered":"<p>Pauschalangebote 2012\/2013 Auszeit &#8230;ich bin dann mal weg&#8230; 7 \u00dcbernachtungen im DZ mit reichhaltigem Fr\u00fchst\u00fccksb\u00fcffet 6 Abendessen vom kalten B\u00fcffet inklusive Tischgetr\u00e4nk 1 Gutschein f\u00fcr ein Abendessen in einem Restaurant in Bad Rothenfelde 1 Willkommensgru\u00df 1 Gutschein f\u00fcr eine Kaffeepause in unserem Allee-Caf\u00e9 2 x 45 Minuten Relaxen in der Salzgrotte 1 Eintritt f\u00fcr den &hellip; <a href=\"https:\/\/spitzwegstrasse.de\/wordpress\/?page_id=45\" class=\"more-link\"><span class=\"screen-reader-text\">Pauschalen<\/span> weiterlesen<\/a><\/p>\n","protected":false},"author":1,"featured_media":0,"parent":0,"menu_order":0,"comment_status":"closed","ping_status":"closed","template":"","meta":{"footnotes":""},"class_list":["post-45","page","type-page","status-publish","hentry"],"_links":{"self":[{"href":"https:\/\/spitzwegstrasse.de\/wordpress\/index.php?rest_route=\/wp\/v2\/pages\/45","targetHints":{"allow":["GET"]}}],"collection":[{"href":"https:\/\/spitzwegstrasse.de\/wordpress\/index.php?rest_route=\/wp\/v2\/pages"}],"about":[{"href":"https:\/\/spitzwegstrasse.de\/wordpress\/index.php?rest_route=\/wp\/v2\/types\/page"}],"author":[{"embeddable":true,"href":"https:\/\/spitzwegstrasse.de\/wordpress\/index.php?rest_route=\/wp\/v2\/users\/1"}],"replies":[{"embeddable":true,"href":"https:\/\/spitzwegstrasse.de\/wordpress\/index.php?rest_route=%2Fwp%2Fv2%2Fcomments&post=45"}],"version-history":[{"count":6,"href":"https:\/\/spitzwegstrasse.de\/wordpress\/index.php?rest_route=\/wp\/v2\/pages\/45\/revisions"}],"predecessor-version":[{"id":52,"href":"https:\/\/spitzwegstrasse.de\/wordpress\/index.php?rest_route=\/wp\/v2\/pages\/45\/revisions\/52"}],"wp:attachment":[{"href":"https:\/\/spitzwegstrasse.de\/wordpress\/index.php?rest_route=%2Fwp%2Fv2%2Fmedia&parent=45"}],"curies":[{"name":"wp","href":"https:\/\/api.w.org\/{rel}","templated":true}]}}