{"id":53,"date":"2017-09-08T13:58:07","date_gmt":"2017-09-08T13:58:07","guid":{"rendered":"http:\/\/spitzw.vs120063.hl-users.com\/wordpress\/?page_id=53"},"modified":"2017-09-08T13:58:07","modified_gmt":"2017-09-08T13:58:07","slug":"anfahrt","status":"publish","type":"page","link":"https:\/\/spitzwegstrasse.de\/wordpress\/?page_id=53","title":{"rendered":"Anfahrt"},"content":{"rendered":"<p>Die Anreise kann mit dem Auto oder mit der Bahn erfolgen. Bad Rothenfelde liegt verkehrsg\u00fcnstig<br \/>\nim St\u00e4dtedreieck zwischen Osnabr\u00fcck, M\u00fcnster und Bielefeld am S\u00fcdhang des Teutoburger Waldes.<br \/>\nFalls Sie mit der Bahn anreisen, erreichen Sie uns \u00fcber den Bahnhof  Dissen &#8211; Bad Rothenfelde und von dort per Bus oder Taxi.<\/p>\n<p>Innerhalb Bad Rothenfeldes folgen Sie bitte der Beschilderung,<br \/>\nbzw. nutzen unseren Anfahrtsplan.<\/p>\n<p><iframe loading=\"lazy\" src=\"https:\/\/www.google.com\/maps\/embed?pb=!1m14!1m8!1m3!1d4901.115274095334!2d8.1549148!3d52.1059819!3m2!1i1024!2i768!4f13.1!3m3!1m2!1s0x0%3A0x8fad0cb1db572351!2zR8Okc3RlaGF1cyBCw7ZnZW1hbm4!5e0!3m2!1sde!2sde!4v1504879031297\" width=\"600\" height=\"450\" frameborder=\"0\" style=\"border:0\" allowfullscreen><\/iframe><\/p>\n","protected":false},"excerpt":{"rendered":"<p>Die Anreise kann mit dem Auto oder mit der Bahn erfolgen. Bad Rothenfelde liegt verkehrsg\u00fcnstig im St\u00e4dtedreieck zwischen Osnabr\u00fcck, M\u00fcnster und Bielefeld am S\u00fcdhang des Teutoburger Waldes. Falls Sie mit der Bahn anreisen, erreichen Sie uns \u00fcber den Bahnhof Dissen &#8211; Bad Rothenfelde und von dort per Bus oder Taxi. Innerhalb Bad Rothenfeldes folgen Sie &hellip; <a href=\"https:\/\/spitzwegstrasse.de\/wordpress\/?page_id=53\" class=\"more-link\"><span class=\"screen-reader-text\">Anfahrt<\/span> weiterlesen<\/a><\/p>\n","protected":false},"author":1,"featured_media":0,"parent":0,"menu_order":0,"comment_status":"closed","ping_status":"closed","template":"","meta":{"footnotes":""},"class_list":["post-53","page","type-page","status-publish","hentry"],"_links":{"self":[{"href":"https:\/\/spitzwegstrasse.de\/wordpress\/index.php?rest_route=\/wp\/v2\/pages\/53","targetHints":{"allow":["GET"]}}],"collection":[{"href":"https:\/\/spitzwegstrasse.de\/wordpress\/index.php?rest_route=\/wp\/v2\/pages"}],"about":[{"href":"https:\/\/spitzwegstrasse.de\/wordpress\/index.php?rest_route=\/wp\/v2\/types\/page"}],"author":[{"embeddable":true,"href":"https:\/\/spitzwegstrasse.de\/wordpress\/index.php?rest_route=\/wp\/v2\/users\/1"}],"replies":[{"embeddable":true,"href":"https:\/\/spitzwegstrasse.de\/wordpress\/index.php?rest_route=%2Fwp%2Fv2%2Fcomments&post=53"}],"version-history":[{"count":2,"href":"https:\/\/spitzwegstrasse.de\/wordpress\/index.php?rest_route=\/wp\/v2\/pages\/53\/revisions"}],"predecessor-version":[{"id":55,"href":"https:\/\/spitzwegstrasse.de\/wordpress\/index.php?rest_route=\/wp\/v2\/pages\/53\/revisions\/55"}],"wp:attachment":[{"href":"https:\/\/spitzwegstrasse.de\/wordpress\/index.php?rest_route=%2Fwp%2Fv2%2Fmedia&parent=53"}],"curies":[{"name":"wp","href":"https:\/\/api.w.org\/{rel}","templated":true}]}}